{"id":2674,"date":"2019-11-30T13:53:59","date_gmt":"2019-11-30T13:53:59","guid":{"rendered":"https:\/\/x-theme.net\/avas-cleaning-services\/?page_id=9"},"modified":"2023-11-13T01:25:36","modified_gmt":"2023-11-13T01:25:36","slug":"about-us","status":"publish","type":"page","link":"https:\/\/purolimpo.cz\/cs\/about-us\/","title":{"rendered":"O n\u00e1s"},"content":{"rendered":"<div data-elementor-type=\"wp-page\" data-elementor-id=\"2674\" class=\"elementor elementor-2674\">\n\t\t\t\t\t\t\t\t\t<section class=\"elementor-section elementor-top-section elementor-element elementor-element-dc9f4c6 elementor-section-stretched elementor-section-boxed elementor-section-height-default elementor-section-height-default\" data-id=\"dc9f4c6\" data-element_type=\"section\" data-settings=\"{&quot;stretch_section&quot;:&quot;section-stretched&quot;}\">\n\t\t\t\t\t\t<div class=\"elementor-container elementor-column-gap-no\">\n\t\t\t\t\t<div class=\"elementor-column elementor-col-100 elementor-top-column elementor-element elementor-element-41c741f\" data-id=\"41c741f\" data-element_type=\"column\">\n\t\t\t<div class=\"elementor-widget-wrap elementor-element-populated\">\n\t\t\t\t\t\t\t\t<section class=\"elementor-section elementor-inner-section elementor-element elementor-element-137f539 elementor-section-boxed elementor-section-height-default elementor-section-height-default\" data-id=\"137f539\" data-element_type=\"section\">\n\t\t\t\t\t\t<div class=\"elementor-container elementor-column-gap-default\">\n\t\t\t\t\t<div class=\"elementor-column elementor-col-33 elementor-inner-column elementor-element elementor-element-9f9f423\" data-id=\"9f9f423\" data-element_type=\"column\">\n\t\t\t<div class=\"elementor-widget-wrap elementor-element-populated\">\n\t\t\t\t\t\t\t\t<div class=\"elementor-element elementor-element-420eac0 elementor-widget elementor-widget-image\" data-id=\"420eac0\" data-element_type=\"widget\" data-widget_type=\"image.default\">\n\t\t\t\t<div class=\"elementor-widget-container\">\n\t\t\t<style>\/*! elementor - v3.17.0 - 25-10-2023 *\/\n.elementor-widget-image{text-align:center}.elementor-widget-image a{display:inline-block}.elementor-widget-image a img[src$=\".svg\"]{width:48px}.elementor-widget-image img{vertical-align:middle;display:inline-block}<\/style>\t\t\t\t\t\t\t\t\t\t\t\t<img decoding=\"async\" width=\"150\" height=\"86\" src=\"https:\/\/purolimpo.cz\/wp-content\/uploads\/2023\/10\/Puro-limpo-logo-500x-e1698357087183.png\" class=\"attachment-large size-large wp-image-7\" alt=\"\" \/>\t\t\t\t\t\t\t\t\t\t\t\t\t\t\t<\/div>\n\t\t\t\t<\/div>\n\t\t\t\t\t<\/div>\n\t\t<\/div>\n\t\t\t\t<div class=\"elementor-column elementor-col-33 elementor-inner-column elementor-element elementor-element-8ce6c80\" data-id=\"8ce6c80\" data-element_type=\"column\">\n\t\t\t<div class=\"elementor-widget-wrap elementor-element-populated\">\n\t\t\t\t\t\t\t\t<div class=\"elementor-element elementor-element-1c13f81 tx-hd-align-left elementor-widget elementor-widget-avas-heading\" data-id=\"1c13f81\" data-element_type=\"widget\" data-widget_type=\"avas-heading.default\">\n\t\t\t\t<div class=\"elementor-widget-container\">\n\t\t\t        <div class=\"tx-hd-wrap\">\n\n            <div class=\"tx-hd-wm\"><\/div>\n\n            \n            <div class=\"tx-hd-sub\"><\/div>\n                        <h2 class=\"tx-hd-title\">\n                <span class=\"tx-hd-first-part\">Kdo jsme<\/span>\n                <span class=\"tx-hd-last-part\"><\/span>\n            <\/h2>    \n            \n            <div class=\"tx-hd-desc\"><section class=\"elementor-element elementor-element-3a56338f elementor-section-boxed elementor-section-height-default elementor-section-height-default elementor-section elementor-top-section\" data-id=\"3a56338f\" data-element_type=\"section\"><div class=\"elementor-container elementor-column-gap-no\"><div class=\"elementor-row\"><div class=\"elementor-element elementor-element-67c1748d elementor-column elementor-col-100 elementor-top-column\" data-id=\"67c1748d\" data-element_type=\"column\"><div class=\"elementor-column-wrap elementor-element-populated\"><div class=\"elementor-widget-wrap\"><div class=\"elementor-element elementor-element-215b7de0 elementor-widget elementor-widget-text-editor\" data-id=\"215b7de0\" data-element_type=\"widget\" data-widget_type=\"text-editor.default\"><div class=\"elementor-widget-container\"><div class=\"elementor-text-editor elementor-clearfix\"><p>V\u00edtejte v Puro Limpo, va\u0161em d\u016fv\u011bryhodn\u00e9m partnerovi v profesion\u00e1ln\u00edch \u00faklidov\u00fdch slu\u017eb\u00e1ch. Zav\u00e1zali jsme se vytv\u00e1\u0159et \u010dist\u00e9 a p\u0159\u00edjemn\u00e9 prostory pro firmy i jednotlivce v cel\u00e9 \u010cesk\u00e9 republice a Evrop\u011b. S dlouholet\u00fdmi zku\u0161enostmi v \u00faklidov\u00e9m pr\u016fmyslu je n\u00e1\u0161 specializovan\u00fd t\u00fdm hrd\u00fd na poskytov\u00e1n\u00ed \u0161pi\u010dkov\u00fdch slu\u017eeb, kter\u00e9 spl\u0148uj\u00ed va\u0161e jedine\u010dn\u00e9 pot\u0159eby.<\/p><\/div><p>V Puro Limpo ch\u00e1peme d\u016fle\u017eitost \u010dist\u00e9ho prost\u0159ed\u00ed a v\u011b\u0159\u00edme, \u017ee \u010dist\u00fd prostor podporuje produktivitu, pohodl\u00ed a pohodu. Na\u0161\u00edm posl\u00e1n\u00edm je usnadnit v\u00e1m \u017eivot poskytov\u00e1n\u00edm spolehliv\u00fdch a \u00fa\u010dinn\u00fdch \u010distic\u00edch \u0159e\u0161en\u00ed. Jsme pln\u011b licencov\u00e1ni a poji\u0161t\u011bni, co\u017e zaji\u0161\u0165uje v\u00e1\u0161 klid.<\/p><\/div><p>Jsme velmi hrd\u00ed na na\u0161i komunitu a vztahy, kter\u00e9 budujeme s na\u0161imi klienty. Na\u0161e slu\u017eby p\u0159izp\u016fsob\u00edme va\u0161im specifick\u00fdm po\u017eadavk\u016fm, a\u0165 u\u017e se jedn\u00e1 o firemn\u00ed kancel\u00e1\u0159, restauraci, hotel nebo reziden\u010dn\u00ed prostory.<\/p><\/div><\/div><\/div><\/div><\/div><\/div><\/section><\/div>\n\n\n                   \n        <\/div><!-- tx-hd-wrap -->\n\n\n\n\n\n\n\n\n\t\t<\/div>\n\t\t\t\t<\/div>\n\t\t\t\t\t<\/div>\n\t\t<\/div>\n\t\t\t\t<div class=\"elementor-column elementor-col-33 elementor-inner-column elementor-element elementor-element-6f427bf\" data-id=\"6f427bf\" data-element_type=\"column\">\n\t\t\t<div class=\"elementor-widget-wrap\">\n\t\t\t\t\t\t\t\t\t<\/div>\n\t\t<\/div>\n\t\t\t\t\t\t\t<\/div>\n\t\t<\/section>\n\t\t\t\t<div class=\"elementor-element elementor-element-e48c7aa elementor-widget elementor-widget-image\" data-id=\"e48c7aa\" data-element_type=\"widget\" data-widget_type=\"image.default\">\n\t\t\t\t<div class=\"elementor-widget-container\">\n\t\t\t\t\t\t\t\t\t\t\t\t\t\t\t<img fetchpriority=\"high\" decoding=\"async\" width=\"750\" height=\"420\" src=\"https:\/\/purolimpo.cz\/wp-content\/uploads\/2019\/12\/about-us.jpg\" class=\"attachment-full size-full wp-image-2637\" alt=\"\" srcset=\"https:\/\/purolimpo.cz\/wp-content\/uploads\/2019\/12\/about-us.jpg 750w, https:\/\/purolimpo.cz\/wp-content\/uploads\/2019\/12\/about-us-300x168.jpg 300w, https:\/\/purolimpo.cz\/wp-content\/uploads\/2019\/12\/about-us-80x45.jpg 80w, https:\/\/purolimpo.cz\/wp-content\/uploads\/2019\/12\/about-us-360x202.jpg 360w, https:\/\/purolimpo.cz\/wp-content\/uploads\/2019\/12\/about-us-373x209.jpg 373w, https:\/\/purolimpo.cz\/wp-content\/uploads\/2019\/12\/about-us-620x347.jpg 620w, https:\/\/purolimpo.cz\/wp-content\/uploads\/2019\/12\/about-us-460x258.jpg 460w, https:\/\/purolimpo.cz\/wp-content\/uploads\/2019\/12\/about-us-365x204.jpg 365w\" sizes=\"(max-width: 750px) 100vw, 750px\" \/>\t\t\t\t\t\t\t\t\t\t\t\t\t\t\t<\/div>\n\t\t\t\t<\/div>\n\t\t\t\t\t<\/div>\n\t\t<\/div>\n\t\t\t\t\t\t\t<\/div>\n\t\t<\/section>\n\t\t\t\t<section class=\"elementor-section elementor-top-section elementor-element elementor-element-749be58 elementor-section-stretched elementor-section-boxed elementor-section-height-default elementor-section-height-default\" data-id=\"749be58\" data-element_type=\"section\" data-settings=\"{&quot;stretch_section&quot;:&quot;section-stretched&quot;,&quot;background_background&quot;:&quot;classic&quot;}\">\n\t\t\t\t\t\t<div class=\"elementor-container elementor-column-gap-default\">\n\t\t\t\t\t<div class=\"elementor-column elementor-col-100 elementor-top-column elementor-element elementor-element-b20a820\" data-id=\"b20a820\" data-element_type=\"column\">\n\t\t\t<div class=\"elementor-widget-wrap elementor-element-populated\">\n\t\t\t\t\t\t\t\t<div class=\"elementor-element elementor-element-1286598 tx-hd-align-center elementor-widget elementor-widget-avas-heading\" data-id=\"1286598\" data-element_type=\"widget\" data-widget_type=\"avas-heading.default\">\n\t\t\t\t<div class=\"elementor-widget-container\">\n\t\t\t        <div class=\"tx-hd-wrap\">\n\n            <div class=\"tx-hd-wm\"><\/div>\n\n            \n            <div class=\"tx-hd-sub\"><\/div>\n                        <h2 class=\"tx-hd-title\">\n                <span class=\"tx-hd-first-part\">Co d\u011bl\u00e1me<\/span>\n                <span class=\"tx-hd-last-part\"><\/span>\n            <\/h2>    \n            \n            <div class=\"tx-hd-desc\"><section class=\"elementor-element elementor-element-3a56338f elementor-section-boxed elementor-section-height-default elementor-section-height-default elementor-section elementor-top-section\" data-id=\"3a56338f\" data-element_type=\"section\"><div class=\"elementor-container elementor-column-gap-no\"><div class=\"elementor-row\"><div class=\"elementor-element elementor-element-67c1748d elementor-column elementor-col-100 elementor-top-column\" data-id=\"67c1748d\" data-element_type=\"column\"><div class=\"elementor-column-wrap elementor-element-populated\"><div class=\"elementor-widget-wrap\"><div class=\"elementor-element elementor-element-215b7de0 elementor-widget elementor-widget-text-editor\" data-id=\"215b7de0\" data-element_type=\"widget\" data-widget_type=\"text-editor.default\"><div class=\"elementor-widget-container\"><div class=\"elementor-text-editor elementor-clearfix\"><p>Nechte n\u00e1s zvl\u00e1dnout \u0161pinavou pr\u00e1ci, zat\u00edmco vy se soust\u0159ed\u00edte na to, na \u010dem nejv\u00edce z\u00e1le\u017e\u00ed. Za\u017eijte rozd\u00edl s Puro Limpo, va\u0161\u00edm d\u016fv\u011bryhodn\u00fdm partnerem v \u00faklidu.<\/p><\/div><\/div><\/div><\/div><\/div><\/div><\/div><\/div><\/section><\/div>\n\n\n                   \n        <\/div><!-- tx-hd-wrap -->\n\n\n\n\n\n\n\n\n\t\t<\/div>\n\t\t\t\t<\/div>\n\t\t\t\t<section class=\"elementor-section elementor-inner-section elementor-element elementor-element-2be7086 elementor-section-boxed elementor-section-height-default elementor-section-height-default\" data-id=\"2be7086\" data-element_type=\"section\">\n\t\t\t\t\t\t<div class=\"elementor-container elementor-column-gap-default\">\n\t\t\t\t\t<div class=\"elementor-column elementor-col-33 elementor-inner-column elementor-element elementor-element-92a8df6\" data-id=\"92a8df6\" data-element_type=\"column\">\n\t\t\t<div class=\"elementor-widget-wrap elementor-element-populated\">\n\t\t\t\t\t\t\t\t<div class=\"elementor-element elementor-element-0c77259 elementor-widget elementor-widget-avas-icon-box\" data-id=\"0c77259\" data-element_type=\"widget\" data-widget_type=\"avas-icon-box.default\">\n\t\t\t\t<div class=\"elementor-widget-container\">\n\t\t\t\t\n\t\t<div class=\"tx-icon-box-wrap style-1 center\">\n\n\t\t\t<div class=\"tx-icon-box-icon\">\n\t\t\t\t<i aria-hidden=\"true\" class=\"fas fa-home\"><\/i>\n\t\t\t\t\n\t\t\t<\/div><!-- tx-icon-box-icon -->\n\n\t\t\t<div class=\"tx-icon-box-content-wrap\">\n\n\t\t\t\t\t\t\t\t\t\t\t\t<h4 class=\"tx-icon-box-title\">\n\t\t\t\tDom\u00e1c\u00ed \u00faklid\t\t\t\t<\/h4>\n\t\t\t\t\t\t\t\t\n\t\t\t\t<div class=\"tx-icon-box-desc\"><p>Nedot\u010den\u00e9 a organizovan\u00e9 kancel\u00e1\u0159sk\u00e9 prostory jsou z\u00e1kladn\u00edm kamenem produktivn\u00edho pracovn\u00edho prost\u0159ed\u00ed.<\/p><\/div>\n\t\t\t\t\t\t\t<\/div><!-- tx-icon-box-content-wrap -->\n\n\t\t<\/div><!-- tx-icon-box-wrap -->\n\n\t\t<\/div>\n\t\t\t\t<\/div>\n\t\t\t\t\t<\/div>\n\t\t<\/div>\n\t\t\t\t<div class=\"elementor-column elementor-col-33 elementor-inner-column elementor-element elementor-element-ba7b527\" data-id=\"ba7b527\" data-element_type=\"column\">\n\t\t\t<div class=\"elementor-widget-wrap elementor-element-populated\">\n\t\t\t\t\t\t\t\t<div class=\"elementor-element elementor-element-dc8803b elementor-widget elementor-widget-avas-icon-box\" data-id=\"dc8803b\" data-element_type=\"widget\" data-widget_type=\"avas-icon-box.default\">\n\t\t\t\t<div class=\"elementor-widget-container\">\n\t\t\t\t\n\t\t<div class=\"tx-icon-box-wrap style-1 center\">\n\n\t\t\t<div class=\"tx-icon-box-icon\">\n\t\t\t\t<i aria-hidden=\"true\" class=\"far fa-building\"><\/i>\n\t\t\t\t\n\t\t\t<\/div><!-- tx-icon-box-icon -->\n\n\t\t\t<div class=\"tx-icon-box-content-wrap\">\n\n\t\t\t\t\t\t\t\t\t\t\t\t<h4 class=\"tx-icon-box-title\">\n\t\t\t\t\u00daklid kancel\u00e1\u0159\u00ed\t\t\t\t<\/h4>\n\t\t\t\t\t\t\t\t\n\t\t\t\t<div class=\"tx-icon-box-desc\"><p>Nedot\u010den\u00e9 a organizovan\u00e9 kancel\u00e1\u0159sk\u00e9 prostory jsou z\u00e1kladn\u00edm kamenem produktivn\u00edho pracovn\u00edho prost\u0159ed\u00ed.\u00a0<\/p><\/div>\n\t\t\t\t\t\t\t<\/div><!-- tx-icon-box-content-wrap -->\n\n\t\t<\/div><!-- tx-icon-box-wrap -->\n\n\t\t<\/div>\n\t\t\t\t<\/div>\n\t\t\t\t\t<\/div>\n\t\t<\/div>\n\t\t\t\t<div class=\"elementor-column elementor-col-33 elementor-inner-column elementor-element elementor-element-c536aaf\" data-id=\"c536aaf\" data-element_type=\"column\">\n\t\t\t<div class=\"elementor-widget-wrap elementor-element-populated\">\n\t\t\t\t\t\t\t\t<div class=\"elementor-element elementor-element-d765aa7 elementor-widget elementor-widget-avas-icon-box\" data-id=\"d765aa7\" data-element_type=\"widget\" data-widget_type=\"avas-icon-box.default\">\n\t\t\t\t<div class=\"elementor-widget-container\">\n\t\t\t\t\n\t\t<div class=\"tx-icon-box-wrap style-1 center\">\n\n\t\t\t<div class=\"tx-icon-box-icon\">\n\t\t\t\t<i aria-hidden=\"true\" class=\"fas fa-heartbeat\"><\/i>\n\t\t\t\t\n\t\t\t<\/div><!-- tx-icon-box-icon -->\n\n\t\t\t<div class=\"tx-icon-box-content-wrap\">\n\n\t\t\t\t\t\t\t\t\t\t\t\t<h4 class=\"tx-icon-box-title\">\n\t\t\t\tOrdinace \u00faklid\t\t\t\t<\/h4>\n\t\t\t\t\t\t\t\t\n\t\t\t\t<div class=\"tx-icon-box-desc\"><p>L\u00e9ka\u0159sk\u00e1 a zdravotnick\u00e1 za\u0159\u00edzen\u00ed vy\u017eaduj\u00ed p\u0159\u00edsn\u00e9 postupy \u010di\u0161t\u011bn\u00ed a sterilizace, aby bylo zachov\u00e1no bezpe\u010dn\u00e9 a steriln\u00ed prost\u0159ed\u00ed.\u00a0<\/p><\/div>\n\t\t\t\t\t\t\t<\/div><!-- tx-icon-box-content-wrap -->\n\n\t\t<\/div><!-- tx-icon-box-wrap -->\n\n\t\t<\/div>\n\t\t\t\t<\/div>\n\t\t\t\t\t<\/div>\n\t\t<\/div>\n\t\t\t\t\t\t\t<\/div>\n\t\t<\/section>\n\t\t\t\t<section class=\"elementor-section elementor-inner-section elementor-element elementor-element-1b468d8 elementor-section-boxed elementor-section-height-default elementor-section-height-default\" data-id=\"1b468d8\" data-element_type=\"section\">\n\t\t\t\t\t\t<div class=\"elementor-container elementor-column-gap-default\">\n\t\t\t\t\t<div class=\"elementor-column elementor-col-33 elementor-inner-column elementor-element elementor-element-787af4d\" data-id=\"787af4d\" data-element_type=\"column\">\n\t\t\t<div class=\"elementor-widget-wrap elementor-element-populated\">\n\t\t\t\t\t\t\t\t<div class=\"elementor-element elementor-element-deda997 elementor-widget elementor-widget-avas-icon-box\" data-id=\"deda997\" data-element_type=\"widget\" data-widget_type=\"avas-icon-box.default\">\n\t\t\t\t<div class=\"elementor-widget-container\">\n\t\t\t\t\n\t\t<div class=\"tx-icon-box-wrap style-1 center\">\n\n\t\t\t<div class=\"tx-icon-box-icon\">\n\t\t\t\t<i aria-hidden=\"true\" class=\"fas fa-hotel\"><\/i>\n\t\t\t\t\n\t\t\t<\/div><!-- tx-icon-box-icon -->\n\n\t\t\t<div class=\"tx-icon-box-content-wrap\">\n\n\t\t\t\t\t\t\t\t\t\t\t\t<h4 class=\"tx-icon-box-title\">\n\t\t\t\t\u00daklid hotelu\t\t\t\t<\/h4>\n\t\t\t\t\t\t\t\t\n\t\t\t\t<div class=\"tx-icon-box-desc\"><p>Odv\u011btv\u00ed pohostinstv\u00ed vy\u017eaduje nejvy\u0161\u0161\u00ed standardy \u010distoty, aby bylo zaji\u0161t\u011bno pohodl\u00ed a spokojenost host\u016f. Na\u0161e diskr\u00e9tn\u00ed a efektivn\u00ed\u00a0<\/p><\/div>\n\t\t\t\t\t\t\t<\/div><!-- tx-icon-box-content-wrap -->\n\n\t\t<\/div><!-- tx-icon-box-wrap -->\n\n\t\t<\/div>\n\t\t\t\t<\/div>\n\t\t\t\t\t<\/div>\n\t\t<\/div>\n\t\t\t\t<div class=\"elementor-column elementor-col-33 elementor-inner-column elementor-element elementor-element-22824d2\" data-id=\"22824d2\" data-element_type=\"column\">\n\t\t\t<div class=\"elementor-widget-wrap elementor-element-populated\">\n\t\t\t\t\t\t\t\t<div class=\"elementor-element elementor-element-ee53ef9 elementor-widget elementor-widget-avas-icon-box\" data-id=\"ee53ef9\" data-element_type=\"widget\" data-widget_type=\"avas-icon-box.default\">\n\t\t\t\t<div class=\"elementor-widget-container\">\n\t\t\t\t\n\t\t<div class=\"tx-icon-box-wrap style-1 center\">\n\n\t\t\t<div class=\"tx-icon-box-icon\">\n\t\t\t\t<i aria-hidden=\"true\" class=\"far fa-window-maximize\"><\/i>\n\t\t\t\t\n\t\t\t<\/div><!-- tx-icon-box-icon -->\n\n\t\t\t<div class=\"tx-icon-box-content-wrap\">\n\n\t\t\t\t\t\t\t\t\t\t\t\t<h4 class=\"tx-icon-box-title\">\n\t\t\t\tMyt\u00ed oken\t\t\t\t<\/h4>\n\t\t\t\t\t\t\t\t\n\t\t\t\t<div class=\"tx-icon-box-desc\"><p>K\u0159i\u0161\u0165\u00e1lov\u011b \u010dist\u00e1 okna bez \u0161mouh mohou v\u00fdrazn\u011b zlep\u0161it estetiku a celkovou p\u0159ita\u017elivost ka\u017ed\u00e9 budovy. N\u00e1\u0161 profesion\u00e1ln\u00ed t\u00fdm \u010di\u0161t\u011bn\u00ed oken\u00a0<\/p><\/div>\n\t\t\t\t\t\t\t<\/div><!-- tx-icon-box-content-wrap -->\n\n\t\t<\/div><!-- tx-icon-box-wrap -->\n\n\t\t<\/div>\n\t\t\t\t<\/div>\n\t\t\t\t\t<\/div>\n\t\t<\/div>\n\t\t\t\t<div class=\"elementor-column elementor-col-33 elementor-inner-column elementor-element elementor-element-222b7bd\" data-id=\"222b7bd\" data-element_type=\"column\">\n\t\t\t<div class=\"elementor-widget-wrap elementor-element-populated\">\n\t\t\t\t\t\t\t\t<div class=\"elementor-element elementor-element-e248c05 elementor-widget elementor-widget-avas-icon-box\" data-id=\"e248c05\" data-element_type=\"widget\" data-widget_type=\"avas-icon-box.default\">\n\t\t\t\t<div class=\"elementor-widget-container\">\n\t\t\t\t\n\t\t<div class=\"tx-icon-box-wrap style-1 center\">\n\n\t\t\t<div class=\"tx-icon-box-icon\">\n\t\t\t\t<i aria-hidden=\"true\" class=\"fas fa-coffee\"><\/i>\n\t\t\t\t\n\t\t\t<\/div><!-- tx-icon-box-icon -->\n\n\t\t\t<div class=\"tx-icon-box-content-wrap\">\n\n\t\t\t\t\t\t\t\t\t\t\t\t<h4 class=\"tx-icon-box-title\">\n\t\t\t\tGastro \u00faklid\t\t\t\t<\/h4>\n\t\t\t\t\t\t\t\t\n\t\t\t\t<div class=\"tx-icon-box-desc\"><p>Restaurace, kav\u00e1rny a j\u00eddelny vy\u017eaduj\u00ed jedine\u010dnou \u00farove\u0148 \u010distoty a hygieny. Na\u0161e gastro \u00faklidov\u00e9 slu\u017eby jsou precizn\u011b zpracov\u00e1ny<\/p><\/div>\n\t\t\t\t\t\t\t<\/div><!-- tx-icon-box-content-wrap -->\n\n\t\t<\/div><!-- tx-icon-box-wrap -->\n\n\t\t<\/div>\n\t\t\t\t<\/div>\n\t\t\t\t\t<\/div>\n\t\t<\/div>\n\t\t\t\t\t\t\t<\/div>\n\t\t<\/section>\n\t\t\t\t\t<\/div>\n\t\t<\/div>\n\t\t\t\t\t\t\t<\/div>\n\t\t<\/section>\n\t\t\t\t\t\t\t<\/div>","protected":false},"excerpt":{"rendered":"<p class=\"tx-excerpt\">Who We Are Welcome to Puro Limpo, your trusted partner in professional cleaning services. We are committed to creating clean and inviting spaces for businesses and individuals throughout \u00a0Czech Republic and Europe .","protected":false},"author":1,"featured_media":0,"parent":0,"menu_order":0,"comment_status":"closed","ping_status":"closed","template":"templates\/blank.php","meta":{"footnotes":""},"class_list":["post-2674","page","type-page","status-publish","hentry"],"_links":{"self":[{"href":"https:\/\/purolimpo.cz\/cs\/wp-json\/wp\/v2\/pages\/2674","targetHints":{"allow":["GET"]}}],"collection":[{"href":"https:\/\/purolimpo.cz\/cs\/wp-json\/wp\/v2\/pages"}],"about":[{"href":"https:\/\/purolimpo.cz\/cs\/wp-json\/wp\/v2\/types\/page"}],"author":[{"embeddable":true,"href":"https:\/\/purolimpo.cz\/cs\/wp-json\/wp\/v2\/users\/1"}],"replies":[{"embeddable":true,"href":"https:\/\/purolimpo.cz\/cs\/wp-json\/wp\/v2\/comments?post=2674"}],"version-history":[{"count":16,"href":"https:\/\/purolimpo.cz\/cs\/wp-json\/wp\/v2\/pages\/2674\/revisions"}],"predecessor-version":[{"id":2783,"href":"https:\/\/purolimpo.cz\/cs\/wp-json\/wp\/v2\/pages\/2674\/revisions\/2783"}],"wp:attachment":[{"href":"https:\/\/purolimpo.cz\/cs\/wp-json\/wp\/v2\/media?parent=2674"}],"curies":[{"name":"wp","href":"https:\/\/api.w.org\/{rel}","templated":true}]}}